{"id":15,"date":"2020-05-30T00:31:33","date_gmt":"2020-05-29T21:31:33","guid":{"rendered":"https:\/\/idealputz.at\/?page_id=15"},"modified":"2022-05-30T13:28:01","modified_gmt":"2022-05-30T10:28:01","slug":"main-page","status":"publish","type":"page","link":"https:\/\/idealputz.at\/","title":{"rendered":"IdealPutz"},"content":{"rendered":"<div class=\"screen_wrap\" id=\"about_us\">\n<div class=\"container\">\n<div class=\"container_wrap about_us_wrap\">\n<div class=\"about_us_column\">\n<div class=\"overlay_img_wrap\"><img decoding=\"async\" class=\"overlay_img_2 alignnone size-full wp-image-60\" src=\"https:\/\/idealputz.at\/wp-content\/uploads\/2020\/06\/ueberuns-1-1.jpg\" alt=\"\"\/><\/div>\n<\/p><\/div>\n<div class=\"about_us_column about_us_column_padding\">\n<div class=\"text_content\">\n<h3><strong>\u00dcber uns<\/strong><\/h3>\n<p>Hoher Einsatz, Fachwissen und langj\u00e4hrige Erfahrung in der Branche der Verputzarbeiten und Sanierungen trugen dazu bei das unsere Mitarbeiter regional in Ober- und Nieder\u00f6sterreich das Vertrauen der Kunden gewinnen.<\/p>\n<p>Ideal Putz wurde mit flei\u00dfigen, erfahrenen und verl\u00e4sslichen Fachkr\u00e4ften gegr\u00fcndet, um Ihrem Bauvorhaben den letzten Schliff, mit Qualit\u00e4tsarbeit zu einem fairen Angebot, zu geben.<\/p>\n<ul>\n<li>Erfahrene und qualifizierte Fachkr\u00e4fte<\/li>\n<li>Verl\u00e4ssliche Qualit\u00e4tsarbeit<\/li>\n<li>Hohe Flexibilit\u00e4t in Bezug auf Kundenw\u00fcnsche<\/li>\n<li>Zufriedenheit der Kunden an h\u00f6chster Stelle<\/li>\n<\/ul><\/div>\n<\/p><\/div>\n<\/p><\/div>\n<\/p><\/div>\n<\/div>\n<div class=\"screen_wrap services_bg\" id=\"services\">\n<div class=\"container services_wrap\">\n<div class=\"container_wrap\">\n<div class=\"services_header\">\n<div class=\"services_header_column\">\n<h3 class=\"regular\">Unsere Expertise erstreckt sich<br \/>\u00fcber folgende <strong>Leistungen<\/strong><\/h3>\n<\/p><\/div>\n<div class=\"services_header_column\">IDEAL PUTZ basiert auf der \u00dcberzeugung, dass die Bed\u00fcrfnisse unserer Kunden von gr\u00f6\u00dfter Bedeutung sind. Unser gesamtes Team ist entschlossen, diesen Bed\u00fcrfnissen gerecht zu werden. Ein hoher Anteil unseres Gesch\u00e4fts kommt daher von wiederholten Kunden und \u00dcberweisungen.<\/div>\n<\/p><\/div>\n<div class=\"services_body\">\n<ul class=\"services_list\">\n<li class=\"services_item\">\n<div class=\"services_block\">\n<div class=\"services_block_image\"><img decoding=\"async\" class=\"alignnone size-full wp-image-67\" src=\"https:\/\/idealputz.at\/wp-content\/uploads\/2020\/06\/image-22.jpg\" alt=\"\" \/><\/div>\n<div class=\"services_block_title\">Au\u00dfenputz<\/div>\n<div class=\"services_block_description\">Damit Ihr Heim eine nachhaltige Schutzh\u00fclle und optimale Oberfl\u00e4che bekommt<\/div>\n<div class=\"services_block_more\"><a class=\"popmake-aussenputz-2 link\" href=\"#\">Erfahren Sie mehr<\/a><\/div>\n<\/p><\/div>\n<\/li>\n<li class=\"services_item\">\n<div class=\"services_block\">\n<div class=\"services_block_image\"><img decoding=\"async\" class=\"alignnone size-full wp-image-68\" src=\"https:\/\/idealputz.at\/wp-content\/uploads\/2020\/06\/house-extension-gantshill-staircase-italian-porcelain-tiles-fire-white-painted-doors-bespoke-fitted-cabinet-1.jpg\" alt=\"\"  \/><\/div>\n<div class=\"services_block_title\">Innenputz<\/div>\n<div class=\"services_block_description\">Damit Sie eine angenehme Atmosph\u00e4re in Ihren R\u00e4umen bekommen<\/div>\n<div class=\"services_block_more\"><a class=\"popmake-innenputz-2 link\" href=\"#\">Erfahren Sie mehr<\/a><\/div>\n<\/p><\/div>\n<\/li>\n<li class=\"services_item\">\n<div class=\"services_block\">\n<div class=\"services_block_image\"><img decoding=\"async\" class=\"alignnone size-full wp-image-69\" src=\"https:\/\/idealputz.at\/wp-content\/uploads\/2020\/06\/ekologija-doma-2.jpg\" alt=\"\" \/><\/div>\n<div class=\"services_block_title\">Vollw\u00e4rmeschutz<\/div>\n<div class=\"services_block_description\">Damit Sie ein angenehmes Wohngef\u00fchl bekommen und effizienter\/g\u00fcnstiger Heizen<\/div>\n<div class=\"services_block_more\"><a class=\"popmake-vollwarmeschutz link\" href=\"#\">Erfahren Sie mehr<\/a><\/div>\n<\/p><\/div>\n<\/li>\n<li class=\"services_item\">\n<div class=\"services_block\">\n<div class=\"services_block_image\"><img decoding=\"async\" class=\"alignnone size-full wp-image-70\" src=\"https:\/\/idealputz.at\/wp-content\/uploads\/2020\/06\/Modern-House-in-the-Netherlands-01.jpg\" alt=\"\" \/><\/div>\n<div class=\"services_block_title\">Fassaden<\/div>\n<div class=\"services_block_description\">Damit Ihr Heim hervorragend vor Witterung gesch\u00fctzt ist und optisch heraussticht<\/div>\n<div class=\"services_block_more\"><a class=\"popmake-fassaden link\" href=\"#\">Erfahren Sie mehr<\/a><\/div>\n<\/p><\/div>\n<\/li>\n<li class=\"services_item\">\n<div class=\"services_block\">\n<div class=\"services_block_image\"><img decoding=\"async\" class=\"alignnone size-full wp-image-71\" src=\"https:\/\/idealputz.at\/wp-content\/uploads\/2020\/06\/house-extension-gantshill-open-living-space-kitchen-island-ultra-slim-sliding-doors-concealed-led-strip-rooflight-1.jpg\" alt=\"\"  \/><\/div>\n<div class=\"services_block_title\">Sanierung<\/div>\n<div class=\"services_block_description\">Damit Ihr Heim wieder in frischem Glanz erscheint<\/div>\n<div class=\"services_block_more\"><a class=\"popmake-sanierung link\" href=\"#\">Erfahren Sie mehr<\/a><\/div>\n<\/p><\/div>\n<\/li>\n<\/ul><\/div>\n<\/p><\/div>\n<\/p><\/div>\n<\/div>\n<div class=\"screen_wrap\" id=\"working\">\n<div class=\"container\">\n<div class=\"container_wrap working_wrap\">\n<div class=\"working_block\">\n<div class=\"working_block_title\">\n<h3><strong>Unsere Arbeitsweise<\/strong><br \/>in 4 simplen Schritten<\/h3>\n<\/p><\/div>\n<ul class=\"working_block_list\">\n<li class=\"working_block_item\">\n<div class=\"working_block_item_image\"><img decoding=\"async\" class=\"alignnone size-full wp-image-93\" src=\"https:\/\/idealputz.at\/wp-content\/uploads\/2020\/06\/1.svg\" alt=\"\" \/><\/div>\n<div class=\"working_block_item_title\">Beratung und<br \/>\n                     Planung\n                  <\/div>\n<div class=\"working_block_item_description\">Schritt 01<\/div>\n<\/li>\n<li class=\"working_block_item\">\n<div class=\"working_block_item_image\"><img decoding=\"async\" class=\"alignnone size-full wp-image-94\" src=\"https:\/\/idealputz.at\/wp-content\/uploads\/2020\/06\/2.svg\" alt=\"\" \/><\/div>\n<div class=\"working_block_item_title\">Angebot und Abschlie\u00dfen des Vertrags\n                  <\/div>\n<div class=\"working_block_item_description\">Schritt 02<\/div>\n<\/li>\n<li class=\"working_block_item\">\n<div class=\"working_block_item_image\"><img decoding=\"async\" class=\"alignnone size-full wp-image-95\" src=\"https:\/\/idealputz.at\/wp-content\/uploads\/2020\/06\/3.svg\" alt=\"\" \/><\/div>\n<div class=\"working_block_item_title\">Vorbereitung des<br \/>\n                     Projektplans\n                  <\/div>\n<div class=\"working_block_item_description\">Schritt 03<\/div>\n<\/li>\n<li class=\"working_block_item\">\n<div class=\"working_block_item_image\"><img decoding=\"async\" class=\"alignnone size-full wp-image-96\" src=\"https:\/\/idealputz.at\/wp-content\/uploads\/2020\/06\/4.svg\" alt=\"\" \/><\/div>\n<div class=\"working_block_item_title\">Umsetzung von<br \/>\n                     Qualit\u00e4tsarbeit\n                  <\/div>\n<div class=\"working_block_item_description\">Schritt 04<\/div>\n<\/li>\n<\/ul><\/div>\n<\/p><\/div>\n<\/p><\/div>\n<\/div>\n<div class=\"screen_wrap\" id=\"credentials\">\n<div class=\"container\">\n<div class=\"container_wrap gallery_wrap\">\n<div class=\"gallery_title\">\n<h3><strong>Bisherige Projekte<\/strong><br \/>als Referenzen<\/h3>\n<\/p><\/div>\n<ul class=\"gallery_tab_list\">\n            <!--\n\n<li><a class=\"active\" href=\"#\" data-tab=\"tab_1\">Privat<\/a><\/li>\n\n\n            \n\n<li><a href=\"#\" data-tab=\"tab_2\">Wohnanlagen<\/a><\/li>\n\n\n            \n\n<li><a href=\"#\" data-tab=\"tab_3\">Gewerbe<\/a><\/li>\n\n-->\n         <\/ul>\n<ul class=\"gallery_tab_wrap\">\n<li id=\"tab_1\" class=\"active\">\n<div class=\"cell\"><img decoding=\"async\" loading=\"lazy\" class=\"alignnone size-full wp-image-103\" src=\"https:\/\/idealputz.at\/wp-content\/uploads\/2020\/06\/gallery1.jpg\" alt=\"\" width=\"408\" height=\"310\" \/><\/div>\n<div class=\"cell\"><img decoding=\"async\" loading=\"lazy\" class=\"alignnone size-full wp-image-104\" src=\"https:\/\/idealputz.at\/wp-content\/uploads\/2020\/06\/gallery2.jpg\" alt=\"\" width=\"408\" height=\"310\" \/><\/div>\n<div class=\"cell\"><img decoding=\"async\" loading=\"lazy\" class=\"alignnone size-full wp-image-105\" src=\"https:\/\/idealputz.at\/wp-content\/uploads\/2020\/06\/gallery3.jpg\" alt=\"\" width=\"408\" height=\"310\" \/><\/div>\n<div class=\"cell\"><img decoding=\"async\" loading=\"lazy\" class=\"alignnone size-full wp-image-106\" src=\"https:\/\/idealputz.at\/wp-content\/uploads\/2020\/06\/gallery4.jpg\" alt=\"\" width=\"408\" height=\"310\" \/><\/div>\n<div class=\"cell row-span\"><img decoding=\"async\" loading=\"lazy\" class=\"alignnone size-full wp-image-107\" src=\"https:\/\/idealputz.at\/wp-content\/uploads\/2020\/06\/img_14.jpg\" alt=\"\" width=\"408\" height=\"640\" srcset=\"https:\/\/idealputz.at\/wp-content\/uploads\/2020\/06\/img_14.jpg 408w, https:\/\/idealputz.at\/wp-content\/uploads\/2020\/06\/img_14-191x300.jpg 191w\" sizes=\"(max-width: 408px) 100vw, 408px\" \/><\/div>\n<div class=\"cell\"><img decoding=\"async\" loading=\"lazy\" class=\"alignnone size-full wp-image-108\" src=\"https:\/\/idealputz.at\/wp-content\/uploads\/2020\/06\/gallery5.jpg\" alt=\"\" width=\"408\" height=\"310\" \/><\/div>\n<div class=\"cell\"><img decoding=\"async\" loading=\"lazy\" class=\"alignnone size-full wp-image-113\" src=\"https:\/\/idealputz.at\/wp-content\/uploads\/2020\/06\/gallery6.jpg\" alt=\"\" width=\"408\" height=\"310\" \/><\/div>\n<div class=\"cell\"><img decoding=\"async\" loading=\"lazy\" class=\"alignnone size-full wp-image-109\" src=\"https:\/\/idealputz.at\/wp-content\/uploads\/2020\/06\/gallery7.jpg\" alt=\"\" width=\"408\" height=\"310\" \/><\/div>\n<\/li>\n<li id=\"tab_2\">\n<div class=\"cell\"><\/div>\n<div class=\"cell\"><\/div>\n<div class=\"cell\"><\/div>\n<div class=\"cell\"><\/div>\n<div class=\"cell row-span\">\n<div class=\"stub\">\n<div class=\"stub_title\">\u0421oming soon<\/div>\n<div class=\"stub_description\">we\u2019re already working on these projects<\/div>\n<\/div>\n<\/div>\n<div class=\"cell\"><\/div>\n<div class=\"cell\"><\/div>\n<div class=\"cell\"><\/div>\n<\/li>\n<li id=\"tab_3\">\n<div class=\"cell\"><\/div>\n<div class=\"cell\"><\/div>\n<div class=\"cell\"><\/div>\n<div class=\"cell\"><\/div>\n<div class=\"cell row-span\">\n<div class=\"stub\">\n<div class=\"stub_title\">\u0421oming soon<\/div>\n<div class=\"stub_description\">we\u2019re already working on these projects<\/div>\n<\/div>\n<\/div>\n<div class=\"cell\"><\/div>\n<div class=\"cell\"><\/div>\n<div class=\"cell\"><\/div>\n<\/li>\n<\/ul><\/div>\n<\/p><\/div>\n<\/div>\n<div class=\"screen_wrap brands-bg\">\n<div class=\"container\">\n<div class=\"container_wrap brands_wrap\">\n<div class=\"gallery_title\">\n<h3><strong>Unsere Partner<\/strong><\/h3>\n<\/p><\/div>\n<ul class=\"brands\">\n<li>\n<div class=\"brand-img\">\n                  <img decoding=\"async\" src=\"\/wp-content\/themes\/Idealputz\/images\/brands\/UNIFIX.jpg\" alt=\"\">\n               <\/div>\n<div class=\"brand-title\"><span>UNIFIX Bauservice GmbH<\/span><\/div>\n<\/li>\n<li>\n<div class=\"brand-img\">\n                  <img decoding=\"async\" src=\"\/wp-content\/themes\/Idealputz\/images\/brands\/Capatect.jpg\" alt=\"\">\n               <\/div>\n<div class=\"brand-title\"><span>Capatect<\/span><\/div>\n<\/li>\n<li>\n<div class=\"brand-img\">\n                  <img decoding=\"async\" src=\"\/wp-content\/themes\/Idealputz\/images\/brands\/Baumit.jpg\" alt=\"\">\n               <\/div>\n<div class=\"brand-title\"><span>Baumit<\/span><\/div>\n<\/li>\n<li>\n<div class=\"brand-img\">\n                  <img decoding=\"async\" src=\"\/wp-content\/themes\/Idealputz\/images\/brands\/Hirth.jpg\" alt=\"\">\n               <\/div>\n<div class=\"brand-title\"><span>Hirth Fensterb\u00e4nke<\/span><\/div>\n<\/li>\n<\/ul><\/div>\n<\/p><\/div>\n<\/div>\n<div class=\"screen_wrap trust_bg\">\n<div class=\"container trust_wrap\">\n<div class=\"container_wrap trust_block\">\n<div class=\"trust_column\">\n<div class=\"trust_title\">\n<h3><strong>Sie k\u00f6nnen auf<br \/> uns z\u00e4hlen<\/strong><\/h3>\n<\/div><\/div>\n<div class=\"trust_column\">\n<ul class=\"trust_list\">\n<li class=\"trust_list_item\">\n<div class=\"trust_list_icon\"><img decoding=\"async\" loading=\"lazy\" src=\"https:\/\/idealputz.at\/wp-content\/uploads\/2020\/06\/trust_1.png\" alt=\"\" width=\"49\" height=\"50\" class=\"alignnone size-full wp-image-141\" \/><\/div>\n<div class=\"trust_list_title\">Erfahrene Fachkr\u00e4fte<\/div>\n<\/li>\n<li class=\"trust_list_item\">\n<div class=\"trust_list_icon\"><img decoding=\"async\" loading=\"lazy\" src=\"https:\/\/idealputz.at\/wp-content\/uploads\/2020\/06\/trust_2.png\" alt=\"\" width=\"48\" height=\"46\" class=\"alignnone size-full wp-image-142\" \/><\/div>\n<div class=\"trust_list_title\">Hohe Flexibilit\u00e4t<\/div>\n<\/li>\n<li class=\"trust_list_item\">\n<div class=\"trust_list_icon\"><img decoding=\"async\" loading=\"lazy\" src=\"https:\/\/idealputz.at\/wp-content\/uploads\/2020\/06\/trust_3.png\" alt=\"\" width=\"42\" height=\"50\" class=\"alignnone size-full wp-image-143\" \/><\/div>\n<div class=\"trust_list_title\">Dynamische Arbeitsweise<\/div>\n<\/li>\n<li class=\"trust_list_item\">\n<div class=\"trust_list_icon\"><img decoding=\"async\" loading=\"lazy\" src=\"https:\/\/idealputz.at\/wp-content\/uploads\/2020\/06\/trust_4.png\" alt=\"\" width=\"50\" height=\"50\" class=\"alignnone size-full wp-image-144\" \/><\/div>\n<div class=\"trust_list_title\">Faire Angebote<\/div>\n<\/li>\n<li class=\"trust_list_item\">\n<div class=\"trust_list_icon\"><img decoding=\"async\" loading=\"lazy\" src=\"https:\/\/idealputz.at\/wp-content\/uploads\/2020\/06\/trust_5.png\" alt=\"\" width=\"50\" height=\"50\" class=\"alignnone size-full wp-image-145\" \/><\/div>\n<div class=\"trust_list_title\">Ausgezeichnete Qualit\u00e4t<\/div>\n<\/li>\n<li class=\"trust_list_item\">\n<div class=\"trust_list_icon\"><img decoding=\"async\" loading=\"lazy\" src=\"https:\/\/idealputz.at\/wp-content\/uploads\/2020\/06\/trust_6.png\" alt=\"\" width=\"50\" height=\"50\" class=\"alignnone size-full wp-image-146\" \/><\/div>\n<div class=\"trust_list_title\">Zufriedene Kunden<\/div>\n<\/li>\n<\/ul>\n<\/div>\n<\/div>\n<\/div>\n<\/div>\n<div class=\"screen_wrap\" id=\"contact\">\n<div class=\"container contact_info_wrap\">\n<div class=\"contact_info_block\">\n<div class=\"contact_info_column bg_orange\">\n<div class=\"contact_info_left_title\">\n<h3><strong>Kontakt<\/strong><\/h3>\n<\/div>\n<div class=\"contact_info_left_body\">\n<h4>Ideal Putz<\/h4>\n<ul class=\"contact_info_icon\">\n<li><span class=\"iconify\" data-inline=\"false\" data-icon=\"feather:map-pin\" style=\"font-size: 24.371681213378906px;\"><\/span>Neuhofner Stra\u00dfe 2<br \/> 4502 St. Marien<\/li>\n<li><span class=\"iconify\" data-inline=\"false\" data-icon=\"carbon:phone\" style=\"font-size: 24.371681213378906px;\"><\/span>+43 660 348 84 03<\/li>\n<li><span class=\"iconify\" data-inline=\"false\" data-icon=\"ion:mail-outline\" style=\"font-size: 24.371681213378906px;\"><\/span>office@idealputz.at<\/li>\n<\/ul>\n<h4>\u00d6ffnungszeiten B\u00fcro<\/h4>\n<ul class=\"contact_info_schedule\">\n<li><span>Mo. &#8211; Fr.<\/span>07:00 &#8211; 18:00<\/li>\n<\/ul><\/div>\n<\/p><\/div>\n<div class=\"contact_info_column\">\n<div class=\"contact_info_form\">\n<div class=\"contact_info_form_title\">\n<h3>Jetzt kostenlosen<br \/>und unverbindlichen <strong>Beratungstermin vereinbaren<\/strong><\/div>\n<div class=\"contact_info_form_description\">Wir werfen gerne einen Blick auf Ihr Bauprojekt und freuen uns auf darauf, mit Ihnen die Details zu bespreche<\/h3>\n<\/div>\n<div class=\"contact_info_form_block\"><div role=\"form\" class=\"wpcf7\" id=\"wpcf7-f151-o1\" lang=\"ru-RU\" dir=\"ltr\">\n<div class=\"screen-reader-response\" aria-live=\"polite\"><\/div>\n<form action=\"\/index.php?rest_route=%2Fwp%2Fv2%2Fpages%2F15#wpcf7-f151-o1\" method=\"post\" class=\"wpcf7-form\" novalidate=\"novalidate\">\n<div style=\"display: none;\">\n<input type=\"hidden\" name=\"_wpcf7\" value=\"151\" \/>\n<input type=\"hidden\" name=\"_wpcf7_version\" value=\"5.1.9\" \/>\n<input type=\"hidden\" name=\"_wpcf7_locale\" value=\"ru_RU\" \/>\n<input type=\"hidden\" name=\"_wpcf7_unit_tag\" value=\"wpcf7-f151-o1\" \/>\n<input type=\"hidden\" name=\"_wpcf7_container_post\" value=\"0\" \/>\n<\/div>\n<p><span class=\"wpcf7-form-control-wrap text-23\"><input type=\"text\" name=\"text-23\" value=\"\" size=\"40\" class=\"wpcf7-form-control wpcf7-text wpcf7-validates-as-required\" aria-required=\"true\" aria-invalid=\"false\" placeholder=\"Name:\" \/><\/span><br \/>\n<span class=\"wpcf7-form-control-wrap tel-132\"><input type=\"tel\" name=\"tel-132\" value=\"\" size=\"40\" class=\"wpcf7-form-control wpcf7-text wpcf7-tel wpcf7-validates-as-required wpcf7-validates-as-tel\" aria-required=\"true\" aria-invalid=\"false\" placeholder=\"Telefonnummer:\" \/><\/span><br \/>\n<span class=\"wpcf7-form-control-wrap email-704\"><input type=\"email\" name=\"email-704\" value=\"\" size=\"40\" class=\"wpcf7-form-control wpcf7-text wpcf7-email wpcf7-validates-as-required wpcf7-validates-as-email\" aria-required=\"true\" aria-invalid=\"false\" placeholder=\"E-mail:\" \/><\/span><br \/>\n<span class=\"wpcf7-form-control-wrap acceptance-796\"><span class=\"wpcf7-form-control wpcf7-acceptance\"><span class=\"wpcf7-list-item checkbox_wrap\"><label><input type=\"checkbox\" name=\"acceptance-796\" value=\"1\" aria-invalid=\"false\" checked=\"checked\" class=\"checkbox\" \/><span class=\"checkstyle\"><\/span><span class=\"wpcf7-list-item-label\">Ich habe die <span class=\"popmake-datenschutzerklarung\">Datenschutzerkl\u00e4rung<\/span> gelesen und akzeptiert<\/span><\/label><\/span><\/span><\/span><br \/>\n<input type=\"submit\" value=\"Bis bald!\" class=\"wpcf7-form-control wpcf7-submit\" \/><\/p>\n<input type='hidden' class='wpcf7-pum' value='{\"closepopup\":false,\"closedelay\":0,\"openpopup\":false,\"openpopup_id\":0}' \/><div class=\"wpcf7-response-output wpcf7-display-none\" aria-hidden=\"true\"><\/div><\/form><\/div><\/div>\n<div class=\"contact_us_info\">\n<span>Sie k\u00f6nnen uns auch gerne direkt kontaktieren:<\/span><\/p>\n<ul>\n<li><span class=\"iconify\" data-inline=\"false\" data-icon=\"ion:mail-outline\" style=\"font-size: 17.7297306060791px;\"><\/span><a href=\"mailto:office@idealputz.at\" class=\"link\">office@idealputz.at<\/a><\/li>\n<li><span class=\"iconify\" data-inline=\"false\" data-icon=\"carbon:phone\" style=\"font-size: 17.7297306060791px;\"><\/span><a href=\"tel:+436603488403\" class=\"link\">+43 660 348 84 03<\/a><\/li>\n<\/ul>\n<\/div><\/div>\n<\/p><\/div>\n<\/p><\/div>\n<\/p><\/div>\n<\/p><\/div>\n<div class=\"screen_wrap\">\n<div class=\"map_wrap\">\n<iframe loading=\"lazy\" src=\"https:\/\/www.google.com\/maps\/embed?pb=!1m14!1m8!1m3!1d10646.808122811279!2d14.2436216!3d48.1545495!3m2!1i1024!2i768!4f13.1!3m3!1m2!1s0x47739552890e6297%3A0xfe1421c2ea9dbc0e!2sNeuhofner%20Str.%202%2C%204502%20Pachersdorf%2C%20%C3%96sterreich!5e0!3m2!1sde!2sua!4v1591367988711!5m2!1sde!2sua\" width=\"100%\" height=\"620\" frameborder=\"0\" style=\"border:0;\" allowfullscreen=\"\" aria-hidden=\"false\" tabindex=\"0\"><\/iframe>\n <\/div>\n<\/div>\n<style>\n @media (max-width:767px)  {\n    .slides  .ms-image img{\n        height:300px !important;\n        object-fit: cover;\n    }\n    .caption-wrap{\n        top : 82px !important;\n    }\n}\n@media screen and (min-width: 768px) {\n    main .screen_wrap:nth-child(8){\n        margin-top: 148px !important;\n    }\n}\n@media screen and (max-width: 900px) {\n        main .screen_wrap:nth-child(8){\n            margin-top: 0 !important;\n        }\n}\n.nav_custome_css-ml{\n    height:86px !important;\n}\n<\/style>\n","protected":false},"excerpt":{"rendered":"<p>\u00dcber uns Hoher Einsatz, Fachwissen und langj\u00e4hrige Erfahrung in der Branche der Verputzarbeiten und Sanierungen trugen dazu bei das unsere Mitarbeiter regional in Ober- und Nieder\u00f6sterreich das Vertrauen der Kunden gewinnen. Ideal Putz wurde mit flei\u00dfigen, erfahrenen und verl\u00e4sslichen Fachkr\u00e4ften gegr\u00fcndet, um Ihrem Bauvorhaben den letzten Schliff, mit Qualit\u00e4tsarbeit zu einem fairen Angebot, zu geben. [&hellip;]<\/p>\n","protected":false},"author":1,"featured_media":0,"parent":0,"menu_order":0,"comment_status":"closed","ping_status":"closed","template":"","meta":[],"_links":{"self":[{"href":"https:\/\/idealputz.at\/index.php?rest_route=\/wp\/v2\/pages\/15"}],"collection":[{"href":"https:\/\/idealputz.at\/index.php?rest_route=\/wp\/v2\/pages"}],"about":[{"href":"https:\/\/idealputz.at\/index.php?rest_route=\/wp\/v2\/types\/page"}],"author":[{"embeddable":true,"href":"https:\/\/idealputz.at\/index.php?rest_route=\/wp\/v2\/users\/1"}],"replies":[{"embeddable":true,"href":"https:\/\/idealputz.at\/index.php?rest_route=%2Fwp%2Fv2%2Fcomments&post=15"}],"version-history":[{"count":145,"href":"https:\/\/idealputz.at\/index.php?rest_route=\/wp\/v2\/pages\/15\/revisions"}],"predecessor-version":[{"id":453,"href":"https:\/\/idealputz.at\/index.php?rest_route=\/wp\/v2\/pages\/15\/revisions\/453"}],"wp:attachment":[{"href":"https:\/\/idealputz.at\/index.php?rest_route=%2Fwp%2Fv2%2Fmedia&parent=15"}],"curies":[{"name":"wp","href":"https:\/\/api.w.org\/{rel}","templated":true}]}}